{"id":179,"date":"2017-08-23T14:08:42","date_gmt":"2017-08-23T18:08:42","guid":{"rendered":"https:\/\/omelette.firmecreative.com\/accueil\/"},"modified":"2019-06-10T15:07:19","modified_gmt":"2019-06-10T19:07:19","slug":"accueil","status":"publish","type":"page","link":"https:\/\/omelettevieuxquebec.com\/en\/","title":{"rendered":"Accueil"},"content":{"rendered":"","protected":false},"excerpt":{"rendered":"","protected":false},"author":1,"featured_media":0,"parent":0,"menu_order":0,"comment_status":"closed","ping_status":"closed","template":"","meta":{"_acf_changed":false},"acf":[],"yoast_head":"<!-- This site is optimized with the Yoast SEO plugin v20.2.1 - https:\/\/yoast.com\/wordpress\/plugins\/seo\/ -->\n<title>Accueil - Restaurant L&#039;Omelette<\/title>\n<meta name=\"description\" content=\"Aucun compromis chez L\u2019Omelette. Petits d\u00e9jeuners et repas sont disponibles sur notre menu pour satisfaire votre envie du moment. De plus, des aliments frais et go\u00fbteux sont choisis quotidiennement pour vous pr\u00e9parer les assiettes les plus d\u00e9licieuses.\" \/>\n<meta name=\"robots\" content=\"index, follow, max-snippet:-1, max-image-preview:large, max-video-preview:-1\" \/>\n<link rel=\"canonical\" href=\"https:\/\/omelettevieuxquebec.com\/en\/accueil\/\" \/>\n<meta property=\"og:locale\" content=\"en_US\" \/>\n<meta property=\"og:type\" content=\"article\" \/>\n<meta property=\"og:title\" content=\"Accueil - Restaurant L&#039;Omelette\" \/>\n<meta property=\"og:description\" content=\"Aucun compromis chez L\u2019Omelette. Petits d\u00e9jeuners et repas sont disponibles sur notre menu pour satisfaire votre envie du moment. De plus, des aliments frais et go\u00fbteux sont choisis quotidiennement pour vous pr\u00e9parer les assiettes les plus d\u00e9licieuses.\" \/>\n<meta property=\"og:url\" content=\"https:\/\/omelettevieuxquebec.com\/en\/accueil\/\" \/>\n<meta property=\"og:site_name\" content=\"l&#039;Omelette\" \/>\n<meta property=\"article:modified_time\" content=\"2019-06-10T19:07:19+00:00\" \/>\n<meta property=\"og:image\" content=\"https:\/\/omelettevieuxquebec.com\/wp-content\/uploads\/2018\/09\/facebook_omelette.jpg\" \/>\n\t<meta property=\"og:image:width\" content=\"1200\" \/>\n\t<meta property=\"og:image:height\" content=\"630\" \/>\n\t<meta property=\"og:image:type\" content=\"image\/jpeg\" \/>\n<meta name=\"twitter:card\" content=\"summary_large_image\" \/>\n<script type=\"application\/ld+json\" class=\"yoast-schema-graph\">{\"@context\":\"https:\/\/schema.org\",\"@graph\":[{\"@type\":\"WebPage\",\"@id\":\"https:\/\/omelettevieuxquebec.com\/en\/accueil\/\",\"url\":\"https:\/\/omelettevieuxquebec.com\/en\/accueil\/\",\"name\":\"Accueil - Restaurant L'Omelette\",\"isPartOf\":{\"@id\":\"https:\/\/omelettevieuxquebec.com\/#website\"},\"datePublished\":\"2017-08-23T18:08:42+00:00\",\"dateModified\":\"2019-06-10T19:07:19+00:00\",\"description\":\"Aucun compromis chez L\u2019Omelette. Petits d\u00e9jeuners et repas sont disponibles sur notre menu pour satisfaire votre envie du moment. De plus, des aliments frais et go\u00fbteux sont choisis quotidiennement pour vous pr\u00e9parer les assiettes les plus d\u00e9licieuses.\",\"breadcrumb\":{\"@id\":\"https:\/\/omelettevieuxquebec.com\/en\/accueil\/#breadcrumb\"},\"inLanguage\":\"en-US\",\"potentialAction\":[{\"@type\":\"ReadAction\",\"target\":[\"https:\/\/omelettevieuxquebec.com\/en\/accueil\/\"]}]},{\"@type\":\"BreadcrumbList\",\"@id\":\"https:\/\/omelettevieuxquebec.com\/en\/accueil\/#breadcrumb\",\"itemListElement\":[{\"@type\":\"ListItem\",\"position\":1,\"name\":\"Home\",\"item\":\"https:\/\/omelettevieuxquebec.com\/en\/accueil\/\"},{\"@type\":\"ListItem\",\"position\":2,\"name\":\"Accueil\"}]},{\"@type\":\"WebSite\",\"@id\":\"https:\/\/omelettevieuxquebec.com\/#website\",\"url\":\"https:\/\/omelettevieuxquebec.com\/\",\"name\":\"l&#039;Omelette\",\"description\":\"Le d\u00e9jeuner, le repas le plus important de la journ\u00e9e\",\"potentialAction\":[{\"@type\":\"SearchAction\",\"target\":{\"@type\":\"EntryPoint\",\"urlTemplate\":\"https:\/\/omelettevieuxquebec.com\/?s={search_term_string}\"},\"query-input\":\"required name=search_term_string\"}],\"inLanguage\":\"en-US\"}]}<\/script>\n<!-- \/ Yoast SEO plugin. -->","yoast_head_json":{"title":"Accueil - Restaurant L'Omelette","description":"Aucun compromis chez L\u2019Omelette. Petits d\u00e9jeuners et repas sont disponibles sur notre menu pour satisfaire votre envie du moment. De plus, des aliments frais et go\u00fbteux sont choisis quotidiennement pour vous pr\u00e9parer les assiettes les plus d\u00e9licieuses.","robots":{"index":"index","follow":"follow","max-snippet":"max-snippet:-1","max-image-preview":"max-image-preview:large","max-video-preview":"max-video-preview:-1"},"canonical":"https:\/\/omelettevieuxquebec.com\/en\/accueil\/","og_locale":"en_US","og_type":"article","og_title":"Accueil - Restaurant L'Omelette","og_description":"Aucun compromis chez L\u2019Omelette. Petits d\u00e9jeuners et repas sont disponibles sur notre menu pour satisfaire votre envie du moment. De plus, des aliments frais et go\u00fbteux sont choisis quotidiennement pour vous pr\u00e9parer les assiettes les plus d\u00e9licieuses.","og_url":"https:\/\/omelettevieuxquebec.com\/en\/accueil\/","og_site_name":"l&#039;Omelette","article_modified_time":"2019-06-10T19:07:19+00:00","og_image":[{"width":1200,"height":630,"url":"https:\/\/omelettevieuxquebec.com\/wp-content\/uploads\/2018\/09\/facebook_omelette.jpg","type":"image\/jpeg"}],"twitter_card":"summary_large_image","schema":{"@context":"https:\/\/schema.org","@graph":[{"@type":"WebPage","@id":"https:\/\/omelettevieuxquebec.com\/en\/accueil\/","url":"https:\/\/omelettevieuxquebec.com\/en\/accueil\/","name":"Accueil - Restaurant L'Omelette","isPartOf":{"@id":"https:\/\/omelettevieuxquebec.com\/#website"},"datePublished":"2017-08-23T18:08:42+00:00","dateModified":"2019-06-10T19:07:19+00:00","description":"Aucun compromis chez L\u2019Omelette. Petits d\u00e9jeuners et repas sont disponibles sur notre menu pour satisfaire votre envie du moment. De plus, des aliments frais et go\u00fbteux sont choisis quotidiennement pour vous pr\u00e9parer les assiettes les plus d\u00e9licieuses.","breadcrumb":{"@id":"https:\/\/omelettevieuxquebec.com\/en\/accueil\/#breadcrumb"},"inLanguage":"en-US","potentialAction":[{"@type":"ReadAction","target":["https:\/\/omelettevieuxquebec.com\/en\/accueil\/"]}]},{"@type":"BreadcrumbList","@id":"https:\/\/omelettevieuxquebec.com\/en\/accueil\/#breadcrumb","itemListElement":[{"@type":"ListItem","position":1,"name":"Home","item":"https:\/\/omelettevieuxquebec.com\/en\/accueil\/"},{"@type":"ListItem","position":2,"name":"Accueil"}]},{"@type":"WebSite","@id":"https:\/\/omelettevieuxquebec.com\/#website","url":"https:\/\/omelettevieuxquebec.com\/","name":"l&#039;Omelette","description":"Le d\u00e9jeuner, le repas le plus important de la journ\u00e9e","potentialAction":[{"@type":"SearchAction","target":{"@type":"EntryPoint","urlTemplate":"https:\/\/omelettevieuxquebec.com\/?s={search_term_string}"},"query-input":"required name=search_term_string"}],"inLanguage":"en-US"}]}},"_links":{"self":[{"href":"https:\/\/omelettevieuxquebec.com\/en\/wp-json\/wp\/v2\/pages\/179"}],"collection":[{"href":"https:\/\/omelettevieuxquebec.com\/en\/wp-json\/wp\/v2\/pages"}],"about":[{"href":"https:\/\/omelettevieuxquebec.com\/en\/wp-json\/wp\/v2\/types\/page"}],"author":[{"embeddable":true,"href":"https:\/\/omelettevieuxquebec.com\/en\/wp-json\/wp\/v2\/users\/1"}],"replies":[{"embeddable":true,"href":"https:\/\/omelettevieuxquebec.com\/en\/wp-json\/wp\/v2\/comments?post=179"}],"version-history":[{"count":2,"href":"https:\/\/omelettevieuxquebec.com\/en\/wp-json\/wp\/v2\/pages\/179\/revisions"}],"predecessor-version":[{"id":250,"href":"https:\/\/omelettevieuxquebec.com\/en\/wp-json\/wp\/v2\/pages\/179\/revisions\/250"}],"wp:attachment":[{"href":"https:\/\/omelettevieuxquebec.com\/en\/wp-json\/wp\/v2\/media?parent=179"}],"curies":[{"name":"wp","href":"https:\/\/api.w.org\/{rel}","templated":true}]}}